{"id":55,"date":"2019-11-03T09:18:10","date_gmt":"2019-11-03T09:18:10","guid":{"rendered":"https:\/\/mkel.rs\/?page_id=55"},"modified":"2024-12-06T12:14:19","modified_gmt":"2024-12-06T12:14:19","slug":"pocetna","status":"publish","type":"page","link":"https:\/\/mkel.rs\/en\/","title":{"rendered":"Po\u010detna"},"content":{"rendered":"<p>[vc_row][vc_column][rev_slider_vc alias=&#8220;home-slider-2&#8243;][\/vc_column][\/vc_row][vc_row][vc_column offset=&#8220;vc_hidden-sm vc_hidden-xs&#8220;]<div class=\"boc_spacing\" style=\"height: 70px\"><\/div><h2 class=\"boc_heading  center\"  style=\"margin-bottom: 20px;margin-top: 0px;color: #333333;font-size: 40px;\"><span>Profesionalnost. <strong>Kvalitet.<\/strong> Po\u0161tovanje rokova.<\/span><\/h2><div class=\"boc_spacing\" style=\"height: 10px\"><\/div><div class=\"boc_heading  center\"  style=\"margin-bottom: 0px;margin-top: 0px;color: #777777;font-size: 20px;line-height: 1.7em;\"><span>Kompanija MK Elektro nastala je 2006. godine u \u0160apcu. <\/span><\/div><div class=\"boc_heading  center\"  style=\"margin-bottom: 20px;margin-top: 0px;color: #777777;font-size: 20px;line-height: 1.7em;\"><span>Osnovna delatnost kompanije je izvo\u0111enje i projektovanje elektroenergetskih instalacija srednjeg i niskog napona.<\/span><\/div><div class=\"boc_spacing\" style=\"height: 2px\"><\/div>[\/vc_column][\/vc_row][vc_row][vc_column offset=&#8220;vc_hidden-lg vc_hidden-md&#8220;]<div class=\"boc_spacing\" style=\"height: 10px\"><\/div><h2 class=\"boc_heading  center\"  style=\"margin-bottom: 20px;margin-top: 0px;color: #333333;font-size: 30px;\"><span>Profesionalnost. <strong>Kvalitet.<\/strong> Po\u0161tovanje rokova.<\/span><\/h2><div class=\"boc_spacing\" style=\"height: 10px\"><\/div><div class=\"boc_heading  center\"  style=\"margin-bottom: 0px;margin-top: 0px;color: #777777;font-size: 20px;line-height: 1.7em;\"><span>Kompanija MK Elektro nastala je 2006. godine u \u0160apcu. <\/span><\/div><div class=\"boc_heading  center\"  style=\"margin-bottom: 20px;margin-top: 0px;color: #777777;font-size: 20px;line-height: 1.7em;\"><span>Osnovna delatnost kompanije je izvo\u0111enje i projektovanje elektroenergetskih instalacija srednjeg i niskog napona.<\/span><\/div><div class=\"boc_spacing\" style=\"height: 5px\"><\/div>[\/vc_column][\/vc_row][vc_row equal_height=&#8220;yes&#8220; css=&#8220;.vc_custom_1551210526847{margin-bottom: 0px !important;}&#8220;][vc_column]<h3 class=\"boc_heading no_text_transform center\"  style=\"margin-bottom: 20px;margin-top: 10px;color: #333333;font-size: 24px;\"><span>Reprezentativni <strong class=\"typewriter\">PROJEKTI<\/strong><\/span><\/h3><div class=\"boc_divider_holder\"><div class=\"boc_divider\"  style=\"margin-top: 24px;margin-bottom: 20px;width: 50px;height: 2px;background: rgba(255,255,255,0.2);\"><\/div><\/div>\r\n\t\t\t\t<div class=\"info_block\">\r\n\t\t\t\t\t<div class=\"portfolio_carousel_holder no_bgr_top_arrows\">\r\n\t\t\t\t\t\t<div id=\"portfolio_carousel_1335\" style=\"opacity:0;\">\t<div class=\"info_item  boc_owl_lazy\">\r\n\t\t\t\t\t\t\t\t\t\t<a href=\"https:\/\/mkel.rs\/en\/portfolio_item\/zemona-nova-banatska\/\" title=\"\" class=\"pic_info_link_type1\">\r\n\t\t\t\t\t\t\t\t\t\t\t<div class=\"pic_info type1\">\r\n\t\t\t\t\t\t\t\t\t\t\t\t<div class=\"pic\"><div class=\"plus_overlay\"><\/div><div class=\"plus_overlay_icon\"><\/div><img width=\"600\" height=\"380\" src=\"https:\/\/mkel.rs\/wp-content\/uploads\/2024\/12\/2-4-600x380.webp\" class=\"attachment-boc_medium size-boc_medium wp-post-image\" alt=\"\" decoding=\"async\" loading=\"lazy\" \/><div class=\"img_overlay_icon\"><span class=\"portfolio_icon icon_camera\"><\/span><\/div><\/div>\r\n\t\t\t\t\t\t\t\t\t\t\t\t<div class=\"info_overlay\">\r\n\t\t\t\t\t\t\t\t\t\t\t\t\t<div class=\"info_overlay_padding\">\r\n\t\t\t\t\t\t\t\t\t\t\t\t\t\t<div class=\"info_desc\">\r\n\t\t\t\t\t\t\t\t\t\t\t\t\t\t\t<span class=\"portfolio_icon icon_camera\"><\/span>\r\n\t\t\t\t\t\t\t\t\t\t\t\t\t\t\t<h3>Zemona Nova &#8211; Banatska<\/h3>\r\n\t\t\t\t\t\t\t\t\t\t\t\t\t\t\t<p><\/p>\r\n\t\t\t\t\t\t\t\t\t\t\t\t\t\t<\/div>\r\n\t\t\t\t\t\t\t\t\t\t\t\t\t<\/div>\r\n\t\t\t\t\t\t\t\t\t\t\t\t<\/div>\r\n\t\t\t\t\t\t\t\t\t\t\t<\/div>\r\n\t\t\t\t\t\t\t\t\t\t<\/a>\r\n\t\t\t\t\t\t\t\t\t<\/div>\r\n\t\t\t\t\t\t\t\t\t<div class=\"info_item  boc_owl_lazy\">\r\n\t\t\t\t\t\t\t\t\t\t<a href=\"https:\/\/mkel.rs\/en\/portfolio_item\/belgrade-waterfront-plot-23\/\" title=\"\" class=\"pic_info_link_type1\">\r\n\t\t\t\t\t\t\t\t\t\t\t<div class=\"pic_info type1\">\r\n\t\t\t\t\t\t\t\t\t\t\t\t<div class=\"pic\"><div class=\"plus_overlay\"><\/div><div class=\"plus_overlay_icon\"><\/div><img width=\"600\" height=\"380\" src=\"https:\/\/mkel.rs\/wp-content\/uploads\/2024\/10\/Belgrade-Waterfront-Plot-23-600x380.jpg\" class=\"attachment-boc_medium size-boc_medium wp-post-image\" alt=\"\" decoding=\"async\" loading=\"lazy\" \/><div class=\"img_overlay_icon\"><span class=\"portfolio_icon icon_camera\"><\/span><\/div><\/div>\r\n\t\t\t\t\t\t\t\t\t\t\t\t<div class=\"info_overlay\">\r\n\t\t\t\t\t\t\t\t\t\t\t\t\t<div class=\"info_overlay_padding\">\r\n\t\t\t\t\t\t\t\t\t\t\t\t\t\t<div class=\"info_desc\">\r\n\t\t\t\t\t\t\t\t\t\t\t\t\t\t\t<span class=\"portfolio_icon icon_camera\"><\/span>\r\n\t\t\t\t\t\t\t\t\t\t\t\t\t\t\t<h3>Belgrade Waterfront Plot 23<\/h3>\r\n\t\t\t\t\t\t\t\t\t\t\t\t\t\t\t<p><\/p>\r\n\t\t\t\t\t\t\t\t\t\t\t\t\t\t<\/div>\r\n\t\t\t\t\t\t\t\t\t\t\t\t\t<\/div>\r\n\t\t\t\t\t\t\t\t\t\t\t\t<\/div>\r\n\t\t\t\t\t\t\t\t\t\t\t<\/div>\r\n\t\t\t\t\t\t\t\t\t\t<\/a>\r\n\t\t\t\t\t\t\t\t\t<\/div>\r\n\t\t\t\t\t\t\t\t\t<div class=\"info_item  boc_owl_lazy\">\r\n\t\t\t\t\t\t\t\t\t\t<a href=\"https:\/\/mkel.rs\/en\/portfolio_item\/minth-mae-sabac\/\" title=\"\" class=\"pic_info_link_type1\">\r\n\t\t\t\t\t\t\t\t\t\t\t<div class=\"pic_info type1\">\r\n\t\t\t\t\t\t\t\t\t\t\t\t<div class=\"pic\"><div class=\"plus_overlay\"><\/div><div class=\"plus_overlay_icon\"><\/div><img width=\"600\" height=\"380\" src=\"https:\/\/mkel.rs\/wp-content\/uploads\/2024\/12\/Minth-MAE-Sabac-600x380.png\" class=\"attachment-boc_medium size-boc_medium wp-post-image\" alt=\"\" decoding=\"async\" loading=\"lazy\" \/><div class=\"img_overlay_icon\"><span class=\"portfolio_icon icon_camera\"><\/span><\/div><\/div>\r\n\t\t\t\t\t\t\t\t\t\t\t\t<div class=\"info_overlay\">\r\n\t\t\t\t\t\t\t\t\t\t\t\t\t<div class=\"info_overlay_padding\">\r\n\t\t\t\t\t\t\t\t\t\t\t\t\t\t<div class=\"info_desc\">\r\n\t\t\t\t\t\t\t\t\t\t\t\t\t\t\t<span class=\"portfolio_icon icon_camera\"><\/span>\r\n\t\t\t\t\t\t\t\t\t\t\t\t\t\t\t<h3>Minth MAE \u0160abac<\/h3>\r\n\t\t\t\t\t\t\t\t\t\t\t\t\t\t\t<p><\/p>\r\n\t\t\t\t\t\t\t\t\t\t\t\t\t\t<\/div>\r\n\t\t\t\t\t\t\t\t\t\t\t\t\t<\/div>\r\n\t\t\t\t\t\t\t\t\t\t\t\t<\/div>\r\n\t\t\t\t\t\t\t\t\t\t\t<\/div>\r\n\t\t\t\t\t\t\t\t\t\t<\/a>\r\n\t\t\t\t\t\t\t\t\t<\/div>\r\n\t\t\t\t\t\t\t\t\t<div class=\"info_item  boc_owl_lazy\">\r\n\t\t\t\t\t\t\t\t\t\t<a href=\"https:\/\/mkel.rs\/en\/portfolio_item\/zemunske-kapije-a\/\" title=\"\" class=\"pic_info_link_type1\">\r\n\t\t\t\t\t\t\t\t\t\t\t<div class=\"pic_info type1\">\r\n\t\t\t\t\t\t\t\t\t\t\t\t<div class=\"pic\"><div class=\"plus_overlay\"><\/div><div class=\"plus_overlay_icon\"><\/div><img width=\"600\" height=\"380\" src=\"https:\/\/mkel.rs\/wp-content\/uploads\/2024\/12\/ZKA-1-600x380.jpg\" class=\"attachment-boc_medium size-boc_medium wp-post-image\" alt=\"\" decoding=\"async\" loading=\"lazy\" \/><div class=\"img_overlay_icon\"><span class=\"portfolio_icon icon_camera\"><\/span><\/div><\/div>\r\n\t\t\t\t\t\t\t\t\t\t\t\t<div class=\"info_overlay\">\r\n\t\t\t\t\t\t\t\t\t\t\t\t\t<div class=\"info_overlay_padding\">\r\n\t\t\t\t\t\t\t\t\t\t\t\t\t\t<div class=\"info_desc\">\r\n\t\t\t\t\t\t\t\t\t\t\t\t\t\t\t<span class=\"portfolio_icon icon_camera\"><\/span>\r\n\t\t\t\t\t\t\t\t\t\t\t\t\t\t\t<h3>ZEMUNSKE KAPIJE A<\/h3>\r\n\t\t\t\t\t\t\t\t\t\t\t\t\t\t\t<p><\/p>\r\n\t\t\t\t\t\t\t\t\t\t\t\t\t\t<\/div>\r\n\t\t\t\t\t\t\t\t\t\t\t\t\t<\/div>\r\n\t\t\t\t\t\t\t\t\t\t\t\t<\/div>\r\n\t\t\t\t\t\t\t\t\t\t\t<\/div>\r\n\t\t\t\t\t\t\t\t\t\t<\/a>\r\n\t\t\t\t\t\t\t\t\t<\/div>\r\n\t\t\t\t\t\t\t\t\t<div class=\"info_item  boc_owl_lazy\">\r\n\t\t\t\t\t\t\t\t\t\t<a href=\"https:\/\/mkel.rs\/en\/portfolio_item\/minth-uat\/\" title=\"\" class=\"pic_info_link_type1\">\r\n\t\t\t\t\t\t\t\t\t\t\t<div class=\"pic_info type1\">\r\n\t\t\t\t\t\t\t\t\t\t\t\t<div class=\"pic\"><div class=\"plus_overlay\"><\/div><div class=\"plus_overlay_icon\"><\/div><img width=\"567\" height=\"375\" src=\"https:\/\/mkel.rs\/wp-content\/uploads\/2023\/12\/mint.jpg\" class=\"attachment-boc_medium size-boc_medium wp-post-image\" alt=\"\" decoding=\"async\" loading=\"lazy\" srcset=\"https:\/\/mkel.rs\/wp-content\/uploads\/2023\/12\/mint.jpg 567w, https:\/\/mkel.rs\/wp-content\/uploads\/2023\/12\/mint-300x198.jpg 300w\" sizes=\"(max-width: 567px) 100vw, 567px\" \/><div class=\"img_overlay_icon\"><span class=\"portfolio_icon icon_camera\"><\/span><\/div><\/div>\r\n\t\t\t\t\t\t\t\t\t\t\t\t<div class=\"info_overlay\">\r\n\t\t\t\t\t\t\t\t\t\t\t\t\t<div class=\"info_overlay_padding\">\r\n\t\t\t\t\t\t\t\t\t\t\t\t\t\t<div class=\"info_desc\">\r\n\t\t\t\t\t\t\t\t\t\t\t\t\t\t\t<span class=\"portfolio_icon icon_camera\"><\/span>\r\n\t\t\t\t\t\t\t\t\t\t\t\t\t\t\t<h3>Minth UAT \u0160abac<\/h3>\r\n\t\t\t\t\t\t\t\t\t\t\t\t\t\t\t<p><\/p>\r\n\t\t\t\t\t\t\t\t\t\t\t\t\t\t<\/div>\r\n\t\t\t\t\t\t\t\t\t\t\t\t\t<\/div>\r\n\t\t\t\t\t\t\t\t\t\t\t\t<\/div>\r\n\t\t\t\t\t\t\t\t\t\t\t<\/div>\r\n\t\t\t\t\t\t\t\t\t\t<\/a>\r\n\t\t\t\t\t\t\t\t\t<\/div>\r\n\t\t\t\t\t\t\t\t\t<div class=\"info_item  boc_owl_lazy\">\r\n\t\t\t\t\t\t\t\t\t\t<a href=\"https:\/\/mkel.rs\/en\/portfolio_item\/bel-garden\/\" title=\"\" class=\"pic_info_link_type1\">\r\n\t\t\t\t\t\t\t\t\t\t\t<div class=\"pic_info type1\">\r\n\t\t\t\t\t\t\t\t\t\t\t\t<div class=\"pic\"><div class=\"plus_overlay\"><\/div><div class=\"plus_overlay_icon\"><\/div><img width=\"600\" height=\"380\" src=\"https:\/\/mkel.rs\/wp-content\/uploads\/2023\/12\/bel-garden-1-600x380.jpg\" class=\"attachment-boc_medium size-boc_medium wp-post-image\" alt=\"\" decoding=\"async\" loading=\"lazy\" \/><div class=\"img_overlay_icon\"><span class=\"portfolio_icon icon_camera\"><\/span><\/div><\/div>\r\n\t\t\t\t\t\t\t\t\t\t\t\t<div class=\"info_overlay\">\r\n\t\t\t\t\t\t\t\t\t\t\t\t\t<div class=\"info_overlay_padding\">\r\n\t\t\t\t\t\t\t\t\t\t\t\t\t\t<div class=\"info_desc\">\r\n\t\t\t\t\t\t\t\t\t\t\t\t\t\t\t<span class=\"portfolio_icon icon_camera\"><\/span>\r\n\t\t\t\t\t\t\t\t\t\t\t\t\t\t\t<h3>ELIXIR GARDEN<\/h3>\r\n\t\t\t\t\t\t\t\t\t\t\t\t\t\t\t<p><\/p>\r\n\t\t\t\t\t\t\t\t\t\t\t\t\t\t<\/div>\r\n\t\t\t\t\t\t\t\t\t\t\t\t\t<\/div>\r\n\t\t\t\t\t\t\t\t\t\t\t\t<\/div>\r\n\t\t\t\t\t\t\t\t\t\t\t<\/div>\r\n\t\t\t\t\t\t\t\t\t\t<\/a>\r\n\t\t\t\t\t\t\t\t\t<\/div>\r\n\t\t\t\t\t\t\t\t\t<div class=\"info_item  boc_owl_lazy\">\r\n\t\t\t\t\t\t\t\t\t\t<a href=\"https:\/\/mkel.rs\/en\/portfolio_item\/zemun-kapije-f\/\" title=\"\" class=\"pic_info_link_type1\">\r\n\t\t\t\t\t\t\t\t\t\t\t<div class=\"pic_info type1\">\r\n\t\t\t\t\t\t\t\t\t\t\t\t<div class=\"pic\"><div class=\"plus_overlay\"><\/div><div class=\"plus_overlay_icon\"><\/div><img width=\"600\" height=\"380\" src=\"https:\/\/mkel.rs\/wp-content\/uploads\/2020\/07\/zk-f-600x380.jpg\" class=\"attachment-boc_medium size-boc_medium wp-post-image\" alt=\"\" decoding=\"async\" loading=\"lazy\" \/><div class=\"img_overlay_icon\"><span class=\"portfolio_icon icon_camera\"><\/span><\/div><\/div>\r\n\t\t\t\t\t\t\t\t\t\t\t\t<div class=\"info_overlay\">\r\n\t\t\t\t\t\t\t\t\t\t\t\t\t<div class=\"info_overlay_padding\">\r\n\t\t\t\t\t\t\t\t\t\t\t\t\t\t<div class=\"info_desc\">\r\n\t\t\t\t\t\t\t\t\t\t\t\t\t\t\t<span class=\"portfolio_icon icon_camera\"><\/span>\r\n\t\t\t\t\t\t\t\t\t\t\t\t\t\t\t<h3>Zemunske kapije F<\/h3>\r\n\t\t\t\t\t\t\t\t\t\t\t\t\t\t\t<p><\/p>\r\n\t\t\t\t\t\t\t\t\t\t\t\t\t\t<\/div>\r\n\t\t\t\t\t\t\t\t\t\t\t\t\t<\/div>\r\n\t\t\t\t\t\t\t\t\t\t\t\t<\/div>\r\n\t\t\t\t\t\t\t\t\t\t\t<\/div>\r\n\t\t\t\t\t\t\t\t\t\t<\/a>\r\n\t\t\t\t\t\t\t\t\t<\/div>\r\n\t\t\t\t\t\t\t\t\t<div class=\"info_item  boc_owl_lazy\">\r\n\t\t\t\t\t\t\t\t\t\t<a href=\"https:\/\/mkel.rs\/en\/portfolio_item\/west-65-kula\/\" title=\"\" class=\"pic_info_link_type1\">\r\n\t\t\t\t\t\t\t\t\t\t\t<div class=\"pic_info type1\">\r\n\t\t\t\t\t\t\t\t\t\t\t\t<div class=\"pic\"><div class=\"plus_overlay\"><\/div><div class=\"plus_overlay_icon\"><\/div><img width=\"600\" height=\"380\" src=\"https:\/\/mkel.rs\/wp-content\/uploads\/2020\/07\/west-65-600x380.jpg\" class=\"attachment-boc_medium size-boc_medium wp-post-image\" alt=\"\" decoding=\"async\" loading=\"lazy\" \/><div class=\"img_overlay_icon\"><span class=\"portfolio_icon icon_camera\"><\/span><\/div><\/div>\r\n\t\t\t\t\t\t\t\t\t\t\t\t<div class=\"info_overlay\">\r\n\t\t\t\t\t\t\t\t\t\t\t\t\t<div class=\"info_overlay_padding\">\r\n\t\t\t\t\t\t\t\t\t\t\t\t\t\t<div class=\"info_desc\">\r\n\t\t\t\t\t\t\t\t\t\t\t\t\t\t\t<span class=\"portfolio_icon icon_camera\"><\/span>\r\n\t\t\t\t\t\t\t\t\t\t\t\t\t\t\t<h3>West 65 &#8211; KULA<\/h3>\r\n\t\t\t\t\t\t\t\t\t\t\t\t\t\t\t<p><\/p>\r\n\t\t\t\t\t\t\t\t\t\t\t\t\t\t<\/div>\r\n\t\t\t\t\t\t\t\t\t\t\t\t\t<\/div>\r\n\t\t\t\t\t\t\t\t\t\t\t\t<\/div>\r\n\t\t\t\t\t\t\t\t\t\t\t<\/div>\r\n\t\t\t\t\t\t\t\t\t\t<\/a>\r\n\t\t\t\t\t\t\t\t\t<\/div>\r\n\t\t\t\t\t\t\t\t\t<div class=\"info_item  boc_owl_lazy\">\r\n\t\t\t\t\t\t\t\t\t\t<a href=\"https:\/\/mkel.rs\/en\/portfolio_item\/savada3\/\" title=\"\" class=\"pic_info_link_type1\">\r\n\t\t\t\t\t\t\t\t\t\t\t<div class=\"pic_info type1\">\r\n\t\t\t\t\t\t\t\t\t\t\t\t<div class=\"pic\"><div class=\"plus_overlay\"><\/div><div class=\"plus_overlay_icon\"><\/div><img width=\"600\" height=\"380\" src=\"https:\/\/mkel.rs\/wp-content\/uploads\/2020\/07\/savada-3-2-600x380.jpg\" class=\"attachment-boc_medium size-boc_medium wp-post-image\" alt=\"\" decoding=\"async\" loading=\"lazy\" \/><div class=\"img_overlay_icon\"><span class=\"portfolio_icon icon_camera\"><\/span><\/div><\/div>\r\n\t\t\t\t\t\t\t\t\t\t\t\t<div class=\"info_overlay\">\r\n\t\t\t\t\t\t\t\t\t\t\t\t\t<div class=\"info_overlay_padding\">\r\n\t\t\t\t\t\t\t\t\t\t\t\t\t\t<div class=\"info_desc\">\r\n\t\t\t\t\t\t\t\t\t\t\t\t\t\t\t<span class=\"portfolio_icon icon_camera\"><\/span>\r\n\t\t\t\t\t\t\t\t\t\t\t\t\t\t\t<h3>Savada III<\/h3>\r\n\t\t\t\t\t\t\t\t\t\t\t\t\t\t\t<p><\/p>\r\n\t\t\t\t\t\t\t\t\t\t\t\t\t\t<\/div>\r\n\t\t\t\t\t\t\t\t\t\t\t\t\t<\/div>\r\n\t\t\t\t\t\t\t\t\t\t\t\t<\/div>\r\n\t\t\t\t\t\t\t\t\t\t\t<\/div>\r\n\t\t\t\t\t\t\t\t\t\t<\/a>\r\n\t\t\t\t\t\t\t\t\t<\/div>\r\n\t\t\t\t\t\t\t\t\t<div class=\"info_item  boc_owl_lazy\">\r\n\t\t\t\t\t\t\t\t\t\t<a href=\"https:\/\/mkel.rs\/en\/portfolio_item\/zemun-kapije-h\/\" title=\"\" class=\"pic_info_link_type1\">\r\n\t\t\t\t\t\t\t\t\t\t\t<div class=\"pic_info type1\">\r\n\t\t\t\t\t\t\t\t\t\t\t\t<div class=\"pic\"><div class=\"plus_overlay\"><\/div><div class=\"plus_overlay_icon\"><\/div><img width=\"600\" height=\"380\" src=\"https:\/\/mkel.rs\/wp-content\/uploads\/2020\/07\/zk-h-2-600x380.jpg\" class=\"attachment-boc_medium size-boc_medium wp-post-image\" alt=\"\" decoding=\"async\" loading=\"lazy\" srcset=\"https:\/\/mkel.rs\/wp-content\/uploads\/2020\/07\/zk-h-2-600x380.jpg 600w, https:\/\/mkel.rs\/wp-content\/uploads\/2020\/07\/zk-h-2-300x190.jpg 300w, https:\/\/mkel.rs\/wp-content\/uploads\/2020\/07\/zk-h-2-768x485.jpg 768w, https:\/\/mkel.rs\/wp-content\/uploads\/2020\/07\/zk-h-2.jpg 1024w\" sizes=\"(max-width: 600px) 100vw, 600px\" \/><div class=\"img_overlay_icon\"><span class=\"portfolio_icon icon_camera\"><\/span><\/div><\/div>\r\n\t\t\t\t\t\t\t\t\t\t\t\t<div class=\"info_overlay\">\r\n\t\t\t\t\t\t\t\t\t\t\t\t\t<div class=\"info_overlay_padding\">\r\n\t\t\t\t\t\t\t\t\t\t\t\t\t\t<div class=\"info_desc\">\r\n\t\t\t\t\t\t\t\t\t\t\t\t\t\t\t<span class=\"portfolio_icon icon_camera\"><\/span>\r\n\t\t\t\t\t\t\t\t\t\t\t\t\t\t\t<h3>Zemunske kapije H<\/h3>\r\n\t\t\t\t\t\t\t\t\t\t\t\t\t\t\t<p><\/p>\r\n\t\t\t\t\t\t\t\t\t\t\t\t\t\t<\/div>\r\n\t\t\t\t\t\t\t\t\t\t\t\t\t<\/div>\r\n\t\t\t\t\t\t\t\t\t\t\t\t<\/div>\r\n\t\t\t\t\t\t\t\t\t\t\t<\/div>\r\n\t\t\t\t\t\t\t\t\t\t<\/a>\r\n\t\t\t\t\t\t\t\t\t<\/div>\r\n\t\t\t\t\t\t\t\t\r\n\t\t\t\t\t\t<\/div>\r\n\t\t\t\t\t<\/div>\r\n\t\t\t\t<\/div>\r\n\r\n\t\t\t\t<div class=\"h10 clear\"><\/div>\r\n\t\t\t\t\t\t\t\r\n\t\t\t\t\t\t\t<!-- Portfolio Carousel -->\r\n\t\t\t\t\t\t\t<script type=\"text\/javascript\">\r\n\t\t\t\t\t\t\t\t\t\t\r\n\t\t\t\t\t\t\t\tjQuery(document).ready(function($) {\t\t\t\r\n\r\n\t\t\t\t\t\t\t\t\t\/\/ Load carousel after its images are loaded\r\n\t\t\t\t\t\t\t\t\tpreloadImages($(\"#portfolio_carousel_1335 img\"), function () {\r\n\t\t\t\t\t\t\t\t\t\r\n\t\t\t\t\t\t\t\t\t\tvar carousel = $(\"#portfolio_carousel_1335\");\r\n\t\t\t\t\t\t\t\t\t\t\r\n\t\t\t\t\t\t\t\t\t\tvar args = {\r\n\t\t\t\t\t\t\t\t\t\t\t\titems: \t\t\t\t3,\r\n\t\t\t\t\t\t\t\t\t\t\t\tautoplay:\t\t\ttrue,\r\n\t\t\t\t\t\t\t\t\t\t\t\tautoplayTimeout:\t6000,\r\n\t\t\t\t\t\t\t\t\t\t\t\tloop: \t\t\t\ttrue,\r\n\t\t\t\t\t\t\t\t\t\t\t\tnav: \t\t\t\ttrue,\r\n\t\t\t\t\t\t\t\t\t\t\t\tdots: \t\t\t\tfalse,\r\n\t\t\t\t\t\t\t\t\t\t\t\tautoHeight: \t\tfalse,\r\n\t\t\t\t\t\t\t\t\t\t\t\tsmartSpeed:\t\t\t500,\r\n\t\t\t\t\t\t\t\t\t\t\t\tnavText:\t\t\t[\"<span class='icon icon-arrow-left7'><\/span>\",\"<span class='icon icon-arrow-right7'><\/span>\"],\r\n\t\t\t\t\t\t\t\t\t\t\t\tslideBy: \t\t\t1,\r\n\r\n\t\t\t\t\t\t\t\t\t\t\t\tnavRewind: false,\r\n\t\t\t\t\t\t\t\t\t\t\t\trtl: \t\t\t\tfalse,\r\n\t\t\t\t\t\t\t\t\t\t\t\tmargin:30,\r\n\t\t\t\t\t\t\t\t\t\t\t\tresponsive:{\r\n\t\t\t\t\t\t\t\t\t\t\t\t\t0:{\r\n\t\t\t\t\t\t\t\t\t\t\t\t\t  items:1,\r\n\t\t\t\t\t\t\t\t\t\t\t\t\t},\r\n\t\t\t\t\t\t\t\t\t\t\t\t\t480:{\r\n\t\t\t\t\t\t\t\t\t\t\t\t\t  items:1,\r\n\t\t\t\t\t\t\t\t\t\t\t\t\t  margin:20,\r\n\t\t\t\t\t\t\t\t\t\t\t\t\t},\r\n\t\t\t\t\t\t\t\t\t\t\t\t\t769:{\r\n\t\t\t\t\t\t\t\t\t\t\t\t\t  items:3\r\n\t\t\t\t\t\t\t\t\t\t\t\t\t}\r\n\t\t\t\t\t\t\t\t\t\t\t\t},\r\n\t\t\t\t\t\t\t\t\t\t\t\tonInitialized:  showCarousel_1335\r\n\t\t\t\t\t\t\t\t\t\t}\r\n\t\t\t\t\t\t\t\t\t\t\r\n\t\t\t\t\t\t\t\t\t\tcarousel.owlCarousel(args);\r\n\r\n\t\t\t\t\t\t\t\t\t\tvar initital_width = carousel.css(\"width\");\t\t\r\n\t\t\t\t\t\t\t\t\t\t\r\n\t\t\t\t\t\t\t\t\t\t\/* Refresh it for full width rows *\/\r\n\t\t\t\t\t\t\t\t\t\t$(window).load(function(){\r\n\t\t\t\t\t\t\t\t\t\t\tif(carousel.css(\"width\") != initital_width) {\r\n\t\t\t\t\t\t\t\t\t\t\t\tcarousel.trigger(\"destroy.owl.carousel\").removeClass(\"owl-carousel owl-loaded\");\r\n\t\t\t\t\t\t\t\t\t\t\t\tcarousel.find(\".owl-stage-outer\").children().unwrap();\r\n\t\t\t\t\t\t\t\t\t\t\t\tcarousel.owlCarousel(args);\r\n\t\t\t\t\t\t\t\t\t\t\t}\r\n\t\t\t\t\t\t\t\t\t\t});\r\n\t\t\t\t\t\t\t\t\t});\r\n\t\t\t\t\t\t\t\t\t\r\n\t\t\t\t\t\t\t\t\t\r\n\t\t\t\t\t\t\t\t\t\/* Show after initialized *\/\r\n\t\t\t\t\t\t\t\t\tfunction showCarousel_1335() {\r\n\t\t\t\t\t\t\t\t\t\t$(\"#portfolio_carousel_1335\").fadeTo(0,1);\r\n\t\t\t\t\t\t\t\t\t\t$(\"#portfolio_carousel_1335 .owl-item .boc_owl_lazy\").css(\"opacity\",\"1\");\r\n\t\t\t\t\t\t\t\t\t}\r\n\r\n\t\t\t\t\t\t\t\t});\r\n\t\t\t\t\t\t\t\t\r\n\t\t\t\t\t\t\t<\/script>\r\n\t\t\t\t\t\t\t<!-- Portfolio Carousel :: END -->[\/vc_column][\/vc_row][vc_row equal_height=&#8220;yes&#8220; css=&#8220;.vc_custom_1551210518625{margin-bottom: 0px !important;padding-top: 30px !important;padding-bottom: 30px !important;}&#8220;][vc_column width=&#8220;2\/3&#8243;]\r\n\t\t<!--New Tabs-->\r\n\t\t<div class=\"newtabs clearfix vertical\">\r\n\t\t\t<ul class=\"resp-tabs-list\">\r\n\t\t\t<\/ul>\r\n\t\t\t<div class=\"resp-tabs-container\">\r\n\t\t<div class=\"single_tab_div\" rel-title=\"Projektovanje\" rel-icon=\"\">[vc_column_text]<\/p>\n<ul>\n<li>Elektri\u010dnog razvoda i opreme niskog napona u objektima svih vrsta visokogradnje i niskogradnje<\/li>\n<li>Elektri\u010dnih instalacija osvetljenja u zatvorenim i otvorenim prostorima<\/li>\n<li>Instalacija za za\u0161titu od atmosferskog pra\u017enjenja<\/li>\n<li>Elektri\u010dnih instalacija na industrijskim objektima<\/li>\n<li>Elektri\u010dnih instalacija nadzora i upravljanja elektromotornog pogona &#8230;<\/li>\n<\/ul>\n<p><span style=\"color: #ff0000;\"> Detaljnije&#8230;<\/span>[\/vc_column_text]<\/div><div class=\"single_tab_div\" rel-title=\"Izvo\u0111enje radova \" rel-icon=\"\">[vc_column_text]Vr\u0161imo nabavku, ugradnju, povezivanje i pu\u0161tanje u rad kompletne elektroopreme i instalacija jake i slabe struje:<\/p>\n<ul>\n<li>Trafo stanice<\/li>\n<li>Razvodni ormani<\/li>\n<li>Napojni vodovi i vodovi za potro\u0161a\u010de<\/li>\n<li>Agregati<\/li>\n<li>Ure\u0111aji za neprekidno napajanje<\/li>\n<li>Rasveta<\/li>\n<\/ul>\n<p><a href=\"https:\/\/mkel.rs\/en\/usluge\/\"><span style=\"color: #ff0000;\"> Detaljnije&#8230;<\/span><\/a>[\/vc_column_text]<\/div><div class=\"single_tab_div\" rel-title=\"Odr\u017eavanje\" rel-icon=\"\">[vc_column_text]Nudimo razli\u010dite vrste odr\u017eavanja, kao \u0161to su:<\/p>\n<ul>\n<li>Periodi\u010dni pregled i zamena opreme<\/li>\n<li>Intervencije po pozivu<\/li>\n<li>Formiranje lagera rezervne opreme za potrebe krajnjeg korisnika.<\/li>\n<\/ul>\n<p><a href=\"https:\/\/mkel.rs\/en\/usluge\/\"><span style=\"color: #ff0000;\"> Detaljnije&#8230;<\/span><\/a>[\/vc_column_text]<\/div><div class=\"single_tab_div\" rel-title=\"In\u017eenjering\" rel-icon=\"\">[vc_column_text]Pru\u017eamo usluge in\u017eenjeringa i konsaltinga za projekte u oblasti elektroradova u gra\u0111evinarstvu, u svim fazama posla \u2013 od po\u010detnih skica projekta do tehni\u010dkog prijema objekata.<\/p>\n<p><strong>Poslovi in\u017eenjeringa i konsaltinga obuhvataju:<\/strong><\/p>\n<ul>\n<li>Projektovanje elektroinstalacija jake i slabe struje za stambene, poslovne i industrijske objekte<\/li>\n<li>Procenu i planiranje tro\u0161kova i dinamike elektroradova u gra\u0111evinarstvu<\/li>\n<\/ul>\n<p><a href=\"https:\/\/mkel.rs\/en\/usluge\/\"><span style=\"color: #ff0000;\"> Detaljnije&#8230;<\/span><\/a>[\/vc_column_text]<\/div><\/div>\r\n\t\t\t\t<\/div><div class=\"boc_spacing\" style=\"height: 20px\"><\/div>[\/vc_column][vc_column width=&#8220;1\/3&#8243;]<h2 class=\"boc_heading  al_left\"  style=\"margin-bottom: 10px;margin-top: 0px;color: #333333;font-size: 25px;\"><span>Licence i <strong>sertifikati<\/strong><\/span><\/h2><div class=\"boc_divider_holder\"><div class=\"boc_divider\"  style=\"margin-top: 24px;margin-bottom: 20px;width: 50px;height: 2px;background: rgba(255,255,255,0.2);\"><\/div><\/div>[vc_column_text]Na\u0161 tim je sastavljen od iskusnih profesionalaca i \u010dini ga 4 licencirana in\u017eenjera, 12 montera i ostalo tehni\u010dko osoblje.<\/p>\n<p>Poslovanje kompanije se sprovodi po procedurama u skladu sa standardima ISO 9001:2008, ISO 14001:2015, OHSAS 18001:2008.[\/vc_column_text]<div class=\"boc_spacing\" style=\"height: 5px\"><\/div>[\/vc_column][\/vc_row][vc_row equal_height=&#8220;yes&#8220; css=&#8220;.vc_custom_1551205796076{margin-bottom: 0px !important;padding-top: 50px !important;padding-bottom: 50px !important;}&#8220;][vc_column width=&#8220;1\/2&#8243; css=&#8220;.vc_custom_1551210250562{padding-top: 20px !important;padding-bottom: 20px !important;}&#8220;]<h2 class=\"boc_heading  al_left\"  style=\"margin-bottom: 0px;margin-top: 0px;color: #333333;font-size: 30px;\"><span>Projekti<\/span><\/h2><div class=\"boc_divider_holder\"><div class=\"boc_divider\"  style=\"margin-top: 24px;margin-bottom: 20px;width: 50px;height: 2px;background: rgba(255,255,255,0.2);\"><\/div><\/div>[vc_column_text el_class=&#8220;white_text&#8220;]<span style=\"color: #666;\">Visok kvalitet pru\u017eenih usluga i po\u0161tovanje dogovorenih rokova nagradjeni su poverenjem od strane velikog broja doma\u0107ih i inostranih kompanija.\u00a0<\/span><\/p>\n<p><a href=\"https:\/\/mkel.rs\/en\/projekti\/\"><span style=\"color: #cc0000;\">Na\u0161i projekti<\/span><\/a>[\/vc_column_text][\/vc_column][vc_column width=&#8220;1\/2&#8243;]<div class=\"logo_gallery  left_border\"><div class=\"grid_holder  small_spacing\" id=\"img_gallery_471cc0545e779f112841ec19b2a390d0\"><div class=\"col span_1_of_2 info_item isotope_element\">\r\n\t\t\t\t\t\t\t<div class=\"pic\">\r\n\t\t\t\t\t\t<a href=\"javascript:void(0)\" style=\"cursor: default;\" >\r\n\t\t\t\t\t\t\t<img src=\"https:\/\/mkel.rs\/wp-content\/uploads\/2020\/07\/gds.jpg\" alt=\"\"\/>\r\n\t\t\t\t\t\t<\/a><\/div>\r\n\t\t\t\t\t<\/div><div class=\"col span_1_of_2 info_item isotope_element\">\r\n\t\t\t\t\t\t\t<div class=\"pic\">\r\n\t\t\t\t\t\t<a href=\"javascript:void(0)\" style=\"cursor: default;\" >\r\n\t\t\t\t\t\t\t<img src=\"https:\/\/mkel.rs\/wp-content\/uploads\/2020\/07\/neimar.jpg\" alt=\"\"\/>\r\n\t\t\t\t\t\t<\/a><\/div>\r\n\t\t\t\t\t<\/div><div class=\"col span_1_of_2 info_item isotope_element\">\r\n\t\t\t\t\t\t\t<div class=\"pic\">\r\n\t\t\t\t\t\t<a href=\"javascript:void(0)\" style=\"cursor: default;\" >\r\n\t\t\t\t\t\t\t<img src=\"https:\/\/mkel.rs\/wp-content\/uploads\/2020\/07\/pfb.jpg\" alt=\"\"\/>\r\n\t\t\t\t\t\t<\/a><\/div>\r\n\t\t\t\t\t<\/div><div class=\"col span_1_of_2 info_item isotope_element\">\r\n\t\t\t\t\t\t\t<div class=\"pic\">\r\n\t\t\t\t\t\t<a href=\"javascript:void(0)\" style=\"cursor: default;\" >\r\n\t\t\t\t\t\t\t<img src=\"https:\/\/mkel.rs\/wp-content\/uploads\/2020\/07\/set.jpg\" alt=\"\"\/>\r\n\t\t\t\t\t\t<\/a><\/div>\r\n\t\t\t\t\t<\/div><\/div><\/div>[\/vc_column][\/vc_row]<\/p>","protected":false},"excerpt":{"rendered":"<p>[vc_row][vc_column][rev_slider_vc alias=&#8220;home-slider-2&#8243;][\/vc_column][\/vc_row][vc_row][vc_column offset=&#8220;vc_hidden-sm vc_hidden-xs&#8220;][\/vc_column][\/vc_row][vc_row][vc_column offset=&#8220;vc_hidden-lg vc_hidden-md&#8220;][\/vc_column][\/vc_row][vc_row equal_height=&#8220;yes&#8220; css=&#8220;.vc_custom_1551210526847{margin-bottom: 0px !important;}&#8220;][vc_column][\/vc_column][\/vc_row][vc_row equal_height=&#8220;yes&#8220; css=&#8220;.vc_custom_1551210518625{margin-bottom: 0px !important;padding-top: 30px !important;padding-bottom: 30px !important;}&#8220;][vc_column width=&#8220;2\/3&#8243;][\/vc_column][vc_column width=&#8220;1\/3&#8243;][vc_column_text]Na\u0161 tim je sastavljen od iskusnih profesionalaca i \u010dini ga 4 licencirana in\u017eenjera, 12 montera i ostalo tehni\u010dko osoblje. Poslovanje kompanije se sprovodi po procedurama u skladu sa standardima ISO 9001:2008, ISO 14001:2015, OHSAS 18001:2008.[\/vc_column_text][\/vc_column][\/vc_row][vc_row equal_height=&#8220;yes&#8220; css=&#8220;.vc_custom_1551205796076{margin-bottom: 0px !important;padding-top: 50px !important;padding-bottom:<\/p>\n<div class=\"h10\"><\/div>\n<p><a class=\"more-link1\" href=\"https:\/\/mkel.rs\/en\/portfolio_item\/zemun-kapije-h\/\">Read more<\/a><\/p>","protected":false},"author":1,"featured_media":0,"parent":0,"menu_order":0,"comment_status":"closed","ping_status":"closed","template":"","meta":[],"_links":{"self":[{"href":"https:\/\/mkel.rs\/en\/wp-json\/wp\/v2\/pages\/55"}],"collection":[{"href":"https:\/\/mkel.rs\/en\/wp-json\/wp\/v2\/pages"}],"about":[{"href":"https:\/\/mkel.rs\/en\/wp-json\/wp\/v2\/types\/page"}],"author":[{"embeddable":true,"href":"https:\/\/mkel.rs\/en\/wp-json\/wp\/v2\/users\/1"}],"replies":[{"embeddable":true,"href":"https:\/\/mkel.rs\/en\/wp-json\/wp\/v2\/comments?post=55"}],"version-history":[{"count":20,"href":"https:\/\/mkel.rs\/en\/wp-json\/wp\/v2\/pages\/55\/revisions"}],"predecessor-version":[{"id":287,"href":"https:\/\/mkel.rs\/en\/wp-json\/wp\/v2\/pages\/55\/revisions\/287"}],"wp:attachment":[{"href":"https:\/\/mkel.rs\/en\/wp-json\/wp\/v2\/media?parent=55"}],"curies":[{"name":"wp","href":"https:\/\/api.w.org\/{rel}","templated":true}]}}