{"id":53,"date":"2019-11-03T09:16:23","date_gmt":"2019-11-03T09:16:23","guid":{"rendered":"https:\/\/mkel.rs\/?page_id=53"},"modified":"2020-07-14T12:19:54","modified_gmt":"2020-07-14T12:19:54","slug":"o-nama","status":"publish","type":"page","link":"https:\/\/mkel.rs\/en\/o-nama\/","title":{"rendered":"O nama"},"content":{"rendered":"<p>[vc_row css=&#8220;.vc_custom_1550858345274{padding-top: 50px !important;padding-bottom: 50px !important;}&#8220;][vc_column][vc_column_text]<\/p>\n<p style=\"text-align: center;\">Firma \u201eMk Elektro Doo\u201c iz \u0160apca osnovana je 2006. godine.<\/p>\n<p style=\"text-align: center;\">Osnovna delatnost firme je izvo\u0111enje elektroinstalaterskih i elektromonta\u017enih radova jake i slabe struje, projektovanje i in\u017eenjering stambenih, poslovno-stambenih i industrijskih objekata.<\/p>\n<p style=\"text-align: center;\">Zaposleni u firmi su iskusni profesionalaci sa dugogodi\u0161njim iskustvom: licencirani in\u017eenjeri, monteri i tehni\u010dko osoblje.<\/p>\n<p style=\"text-align: center;\">Opremljeni najsavremenijom mehanizacijom i alatima u prilici smo da odgovorimo na sve zahteve klijenata i da im uslugu isporu\u010dimo sa garancijom i sa po\u0161tovanjem ugovorenih rokova.<\/p>\n<p style=\"text-align: center;\">Napornim radom, pouzdano\u0161\u0107u i kvalitetom pru\u017eenih usluga, uspeli smo da steknemo poverenje velikog broja uspe\u0161nih kompanija, doma\u0107ih i stranih investitora.<\/p>\n<p style=\"text-align: center;\">Delatnost firme se sprovodi u skladu sa svim bezbednosnim i kvalitativnim standardima.<\/p>\n<p>[\/vc_column_text][\/vc_column][\/vc_row]<\/p>","protected":false},"excerpt":{"rendered":"<p>[vc_row css=&#8220;.vc_custom_1550858345274{padding-top: 50px !important;padding-bottom: 50px !important;}&#8220;][vc_column][vc_column_text] Firma \u201eMk Elektro Doo\u201c iz \u0160apca osnovana je 2006. godine. Osnovna delatnost firme je izvo\u0111enje elektroinstalaterskih i elektromonta\u017enih radova jake i slabe struje, projektovanje i in\u017eenjering stambenih, poslovno-stambenih i industrijskih objekata. Zaposleni u firmi su iskusni profesionalaci sa dugogodi\u0161njim iskustvom: licencirani in\u017eenjeri, monteri i tehni\u010dko osoblje. Opremljeni najsavremenijom mehanizacijom i alatima u prilici smo<\/p>\n<div class=\"h10\"><\/div>\n<p><a class=\"more-link1\" href=\"https:\/\/mkel.rs\/en\/o-nama\/\">Read more<\/a><\/p>","protected":false},"author":1,"featured_media":0,"parent":0,"menu_order":0,"comment_status":"closed","ping_status":"closed","template":"","meta":[],"_links":{"self":[{"href":"https:\/\/mkel.rs\/en\/wp-json\/wp\/v2\/pages\/53"}],"collection":[{"href":"https:\/\/mkel.rs\/en\/wp-json\/wp\/v2\/pages"}],"about":[{"href":"https:\/\/mkel.rs\/en\/wp-json\/wp\/v2\/types\/page"}],"author":[{"embeddable":true,"href":"https:\/\/mkel.rs\/en\/wp-json\/wp\/v2\/users\/1"}],"replies":[{"embeddable":true,"href":"https:\/\/mkel.rs\/en\/wp-json\/wp\/v2\/comments?post=53"}],"version-history":[{"count":4,"href":"https:\/\/mkel.rs\/en\/wp-json\/wp\/v2\/pages\/53\/revisions"}],"predecessor-version":[{"id":121,"href":"https:\/\/mkel.rs\/en\/wp-json\/wp\/v2\/pages\/53\/revisions\/121"}],"wp:attachment":[{"href":"https:\/\/mkel.rs\/en\/wp-json\/wp\/v2\/media?parent=53"}],"curies":[{"name":"wp","href":"https:\/\/api.w.org\/{rel}","templated":true}]}}