{"id":49,"date":"2019-11-03T09:13:50","date_gmt":"2019-11-03T09:13:50","guid":{"rendered":"https:\/\/mkel.rs\/?page_id=49"},"modified":"2020-07-12T18:23:31","modified_gmt":"2020-07-12T18:23:31","slug":"usluge","status":"publish","type":"page","link":"https:\/\/mkel.rs\/en\/usluge\/","title":{"rendered":"Usluge"},"content":{"rendered":"<p>[vc_row css=&#8220;.vc_custom_1550612983967{padding-top: 50px !important;padding-bottom: 50px !important;}&#8220;][vc_column]\r\n\t\t<!--New Tabs-->\r\n\t\t<div class=\"newtabs clearfix vertical  minimal_style\">\r\n\t\t\t<ul class=\"resp-tabs-list\">\r\n\t\t\t<\/ul>\r\n\t\t\t<div class=\"resp-tabs-container\">\r\n\t\t<div class=\"single_tab_div\" rel-title=\"Projektovanje\" rel-icon=\"icon icon-desktop2\">[vc_row_inner][vc_column_inner][vc_column_text]Licencirani in\u017eenjerski tim sektora tehni\u010dke pripreme izra\u0111uje tehni\u010dku dokumentaciju od idejnog re\u0161enja do projekata za gra\u0111evinsku dozvolu i projekata izvedenog stanja.<\/p>\n<p><strong>Izrada projektno-tehni\u010dke dokumentacije za elektroinstalacije jake i slabe struje obuhvata:<\/strong><\/p>\n<ul>\n<li>izradu Glavnog projekta elektroinstalacija<\/li>\n<li>tehni\u010dku kontrolu i reviziju projektne dokumentacije<\/li>\n<li>projektantski nadzor nad izvo\u0111enjem radova<\/li>\n<li>izradu Projekta izvedenog objekta<\/li>\n<\/ul>\n<p><strong>Projektovanje:<\/strong><\/p>\n<ul>\n<li>elektri\u010dnog razvoda i opreme niskog napona u objektima svih vrsta visokogradnje i niskogradnje<\/li>\n<li>elektri\u010dnih instalacija osvetljenja u zatvorenim i otvorenim prostorima<\/li>\n<li>instalacija za za\u0161titu od atmosferskog pra\u017enjenja<\/li>\n<li>elektri\u010dnih instalacija na industrijskim objektima<\/li>\n<li>elektri\u010dnih instalacija nadzora i upravljanja elektromotornog pogona<\/li>\n<li>telekomunikacionih mre\u017ea i sistema<\/li>\n<li>niskonaponske nadzemne i kablovske mre\u017ee, postrojenja i delova transformatorskih stanica<\/li>\n<li>primarne i sekundarne kablovske mre\u017ee<\/li>\n<li>telefonskih i ra\u010dunarskih instalacija i mre\u017ea<\/li>\n<li>strukturnog kabliranja za stambene i poslovne objekte<\/li>\n<li>interfonskih i videointerfonskih sistema i video nadzora<\/li>\n<li>sistema za detekciju gasa i dojavu po\u017eara, tehni\u010dko obezbe\u0111enje objekta, evidenciju i kontrolu pristupa<\/li>\n<li>upravljanja elektromotornim pogonima<\/li>\n<\/ul>\n<p>[\/vc_column_text][\/vc_column_inner][\/vc_row_inner]<\/div><div class=\"single_tab_div\" rel-title=\"Izvodjenje radova\" rel-icon=\"icon icon-tools2\">[vc_row_inner][vc_column_inner][vc_column_text]Vr\u0161imo nabavku, ugradnju, povezivanje i pu\u0161tanje u rad kompletne elektroopreme i instalacija jake i slabe struje:<\/p>\n<ul>\n<li>trafo stanice<\/li>\n<li>razvodni ormani<\/li>\n<li>napojni vodovi i vodovi za potro\u0161a\u010de<\/li>\n<li>agregati<\/li>\n<li>ure\u0111aji za neprekidno napajanje<\/li>\n<li>rasveta<\/li>\n<li>vise\u0107i materijal i elektrogalanterijal<\/li>\n<li>instalacije strukturne kablovske mre\u017ee<\/li>\n<li>radiotelevizijske instalacije<\/li>\n<li>telefonske instalacije<\/li>\n<li>sistemi pametnih ku\u0107a<\/li>\n<li>centralni sistemi nadzora i upravljanja<\/li>\n<li>sistemi video nadzora<\/li>\n<li>sistemi ozvu\u010denja<\/li>\n<li>protivprovalni sistemi<\/li>\n<li>sistemi kontrole pristupa<\/li>\n<li>protivpo\u017earni sistemi<\/li>\n<li>alarmni sistemi<\/li>\n<li>klasi\u010dni i video interfoni<\/li>\n<li>sigurnosno osvetljenje<\/li>\n<li>elektromotorni pogon<\/li>\n<li>gromobranske instalacije<\/li>\n<li>ostale komponente iz oblasti elektropotro\u0161a\u010da<\/li>\n<\/ul>\n<p>[\/vc_column_text][\/vc_column_inner][\/vc_row_inner]<\/div><div class=\"single_tab_div\" rel-title=\"Odr\u017eavanje\" rel-icon=\"icon icon-cogs\">[vc_row_inner][vc_column_inner][vc_column_text]Nakon zavr\u0161etka radova i pu\u0161tanja pod napon, klijentima pru\u017eamo usluge odr\u017eavanja i servisiranja elektroinstalacija i opreme u izvedenim objektima.<\/p>\n<p>Servis i odr\u017eavanje elektroinstalacija i opreme obavljamo u garantnom roku, kao i u vangarantnom roku.<\/p>\n<p>Nudimo razli\u010dite vrste odr\u017eavanja, kao \u0161to su:<\/p>\n<ul>\n<li>periodi\u010dni pregled i zamena opreme<\/li>\n<li>intervencije po pozivu<\/li>\n<li>formiranje lagera rezervne opreme za potrebe krajnjeg korisnika.<\/li>\n<\/ul>\n<p>[\/vc_column_text][\/vc_column_inner][\/vc_row_inner]<\/div><div class=\"single_tab_div\" rel-title=\"In\u017eenjering\" rel-icon=\"icon icon-tools3\">[vc_row_inner][vc_column_inner][vc_column_text]Pru\u017eamo usluge in\u017eenjeringa i konsaltinga za projekte u oblasti elektroradova u gra\u0111evinarstvu, u svim fazama posla \u2013 od po\u010detnih skica projekta do tehni\u010dkog prijema objekata.<\/p>\n<p><strong>Poslovi in\u017eenjeringa i konsaltinga obuhvataju:<\/strong><\/p>\n<ul>\n<li>projektovanje elektroinstalacija jake i slabe struje za stambene, poslovne i industrijske objekte<\/li>\n<li>procenu i planiranje tro\u0161kova i dinamike elektroradova u gra\u0111evinarstvu<\/li>\n<li>prikupljanje pravno-tehni\u010dke dokumentacije<\/li>\n<li>stru\u010dni nadzor nad izvo\u0111enjem elektroradova<\/li>\n<li>konsultantske usluge za investitore u svim fazama realizacije projekata<\/li>\n<li>tehni\u010dku kontrolu projektne dokumentacije i kontrolu izmena projekata<\/li>\n<li>prilago\u0111avanje strane projektno-tehni\u010dke dokumentacije lokalnim propisima<\/li>\n<li>konsalting u oblasti pravno-tehni\u010dke regulative<\/li>\n<li>izradu tenderske dokumentacije i elaborata za licitacije<\/li>\n<\/ul>\n<p>[\/vc_column_text][\/vc_column_inner][\/vc_row_inner]<\/div><\/div>\r\n\t\t\t\t<\/div>[\/vc_column][\/vc_row]<\/p>","protected":false},"excerpt":{"rendered":"<p>[vc_row css=&#8220;.vc_custom_1550612983967{padding-top: 50px !important;padding-bottom: 50px !important;}&#8220;][vc_column][\/vc_column][\/vc_row]<\/p>","protected":false},"author":1,"featured_media":0,"parent":0,"menu_order":0,"comment_status":"closed","ping_status":"closed","template":"","meta":[],"_links":{"self":[{"href":"https:\/\/mkel.rs\/en\/wp-json\/wp\/v2\/pages\/49"}],"collection":[{"href":"https:\/\/mkel.rs\/en\/wp-json\/wp\/v2\/pages"}],"about":[{"href":"https:\/\/mkel.rs\/en\/wp-json\/wp\/v2\/types\/page"}],"author":[{"embeddable":true,"href":"https:\/\/mkel.rs\/en\/wp-json\/wp\/v2\/users\/1"}],"replies":[{"embeddable":true,"href":"https:\/\/mkel.rs\/en\/wp-json\/wp\/v2\/comments?post=49"}],"version-history":[{"count":8,"href":"https:\/\/mkel.rs\/en\/wp-json\/wp\/v2\/pages\/49\/revisions"}],"predecessor-version":[{"id":104,"href":"https:\/\/mkel.rs\/en\/wp-json\/wp\/v2\/pages\/49\/revisions\/104"}],"wp:attachment":[{"href":"https:\/\/mkel.rs\/en\/wp-json\/wp\/v2\/media?parent=49"}],"curies":[{"name":"wp","href":"https:\/\/api.w.org\/{rel}","templated":true}]}}