{"id":131,"date":"2020-07-16T08:39:08","date_gmt":"2020-07-16T08:39:08","guid":{"rendered":"https:\/\/mkel.rs\/?page_id=131"},"modified":"2020-11-25T09:59:12","modified_gmt":"2020-11-25T09:59:12","slug":"contact","status":"publish","type":"page","link":"https:\/\/mkel.rs\/en\/contact\/?lang=en","title":{"rendered":"Contact"},"content":{"rendered":"<p>[vc_row seperator_enable=&#8220;off&#8220; css=&#8220;.vc_custom_1550612971335{margin-bottom: 0px !important;padding-top: 50px !important;padding-bottom: 50px !important;}&#8220;][vc_column width=&#8220;2\/3&#8243; css=&#8220;.vc_custom_1433757069623{margin-top: 20px !important;border-top-width: 1px !important;border-right-width: 1px !important;border-bottom-width: 1px !important;border-left-width: 1px !important;padding-top: 30px !important;padding-right: 30px !important;padding-bottom: 30px !important;padding-left: 30px !important;background-color: #ffffff !important;border-left-color: #eeeeee !important;border-left-style: solid !important;border-right-color: #eeeeee !important;border-right-style: solid !important;border-top-color: #eeeeee !important;border-top-style: solid !important;border-bottom-color: #eeeeee !important;border-bottom-style: solid !important;}&#8220;]<h3 class=\"boc_heading  al_left\"  style=\"margin-bottom: 20px;margin-top: 0px;color: #333333;\"><span>Contact <strong>us<\/strong><\/span><\/h3><div class=\"boc_divider_holder\"><div class=\"boc_divider\"  style=\"margin-top: 20px;margin-bottom: 20px;width: 60px;height: 1px;background: #eeeeee;\"><\/div><\/div><div class=\"boc_spacing\" style=\"height: 20px\"><\/div><div role=\"form\" class=\"wpcf7\" id=\"wpcf7-f130-o1\" lang=\"en-US\" dir=\"ltr\">\n<div class=\"screen-reader-response\" role=\"alert\" aria-live=\"polite\"><\/div>\n<form action=\"\/en\/wp-json\/wp\/v2\/pages\/131#wpcf7-f130-o1\" method=\"post\" class=\"wpcf7-form init\" novalidate=\"novalidate\" data-trp-original-action=\"\/en\/wp-json\/wp\/v2\/pages\/131#wpcf7-f130-o1\">\n<div style=\"display: none;\">\n<input type=\"hidden\" name=\"_wpcf7\" value=\"130\" \/>\n<input type=\"hidden\" name=\"_wpcf7_version\" value=\"5.2\" \/>\n<input type=\"hidden\" name=\"_wpcf7_locale\" value=\"en_US\" \/>\n<input type=\"hidden\" name=\"_wpcf7_unit_tag\" value=\"wpcf7-f130-o1\" \/>\n<input type=\"hidden\" name=\"_wpcf7_container_post\" value=\"0\" \/>\n<input type=\"hidden\" name=\"_wpcf7_posted_data_hash\" value=\"\" \/>\n<\/div>\n<p><span class=\"wpcf7-form-control-wrap ime\"><input type=\"text\" name=\"ime\" value=\"\" size=\"40\" class=\"wpcf7-form-control wpcf7-text wpcf7-validates-as-required\" aria-required=\"true\" aria-invalid=\"false\" placeholder=\"Your name *\" \/><\/span> <\/p>\n<p><span class=\"wpcf7-form-control-wrap email\"><input type=\"email\" name=\"email\" value=\"\" size=\"40\" class=\"wpcf7-form-control wpcf7-text wpcf7-email wpcf7-validates-as-required wpcf7-validates-as-email\" aria-required=\"true\" aria-invalid=\"false\" placeholder=\"Email *\" \/><\/span> <\/p>\n<p><span class=\"wpcf7-form-control-wrap subject\"><input type=\"text\" name=\"subject\" value=\"\" size=\"40\" class=\"wpcf7-form-control wpcf7-text\" aria-invalid=\"false\" placeholder=\"Subject*\" \/><\/span> <\/p>\n<p><span class=\"wpcf7-form-control-wrap message\"><textarea name=\"message\" cols=\"40\" rows=\"5\" class=\"wpcf7-form-control wpcf7-textarea\" aria-invalid=\"false\" placeholder=\"Message *\"><\/textarea><\/span> <\/p>\n<div class=\"h10\"><\/div>\n<p><input type=\"hidden\" name=\"_wpcf7_captcha_challenge_captcha-887\" value=\"211739655\" \/><img class=\"wpcf7-form-control wpcf7-captchac wpcf7-captcha-captcha-887\" width=\"84\" height=\"28\" alt=\"captcha\" src=\"https:\/\/mkel.rs\/wp-content\/uploads\/wpcf7_captcha\/211739655.png\" \/><\/p>\n<p><span class=\"wpcf7-form-control-wrap captcha-887\"><input type=\"text\" name=\"captcha-887\" value=\"\" size=\"4\" maxlength=\"4\" class=\"wpcf7-form-control wpcf7-captchar captcha_input\" autocomplete=\"off\" aria-invalid=\"false\" placeholder=\"Code\" \/><\/span><\/p>\n<div class=\"h20\"><\/div>\n<p><input type=\"submit\" value=\"Send\" class=\"wpcf7-form-control wpcf7-submit btn_theme_color btn_rounded\" \/><\/p>\n<div class=\"wpcf7-response-output\" role=\"alert\" aria-hidden=\"true\"><\/div><input type=\"hidden\" name=\"trp-form-language\" value=\"en\"\/><\/form><\/div><div class=\"boc_spacing\" style=\"height: 10px\"><\/div>[\/vc_column][vc_column width=&#8220;1\/3&#8243; css=&#8220;.vc_custom_1433757075183{margin-top: 20px !important;padding-left: 50px !important;}&#8220; el_class=&#8220;no_side_padding_in_responsive_column&#8220;]<h4 class=\"boc_heading  al_left\"  style=\"margin-bottom: 20px;margin-top: 0px;color: #333333;\"><span>Our <strong>location<\/strong><\/span><\/h4><div class=\"boc_divider_holder\"><div class=\"boc_divider\"  style=\"margin-top: 20px;margin-bottom: 20px;width: 60px;height: 1px;background: #e4e4e4;\"><\/div><\/div><div class=\"boc_spacing\" style=\"height: 20px\"><\/div>[vc_gmaps link=&#8220;#E-8_JTNDaWZyYW1lJTIwc3JjJTNEJTIyaHR0cHMlM0ElMkYlMkZ3d3cuZ29vZ2xlLmNvbSUyRm1hcHMlMkZlbWJlZCUzRnBiJTNEJTIxMW0xOCUyMTFtMTIlMjExbTMlMjExZDI4MzMuNTMwODM2MjEwMzI2NSUyMTJkMTkuNjk5Njc2MjE1NTMzNzA3JTIxM2Q0NC43NDk1ODc2NzkwOTkwMSUyMTJtMyUyMTFmMCUyMTJmMCUyMTNmMCUyMTNtMiUyMTFpMTAyNCUyMTJpNzY4JTIxNGYxMy4xJTIxM20zJTIxMW0yJTIxMXMweDQ3NWJjYjFmZTgzYzRlZmIlMjUzQTB4ZGVlNzRjMThiNGQ5ZjdmZiUyMTJ6Vm05cWRtOWtaU0JOYWNXaGFjU0hZU0EzT1N3ZzBLalFzTkN4MExEUmhnJTIxNWUwJTIxM20yJTIxMXNzciUyMTJzcnMlMjE0djE1NTA4NTU5MDc2MzElMjIlMjB3aWR0aCUzRCUyMjYwMCUyMiUyMGhlaWdodCUzRCUyMjQ1MCUyMiUyMGZyYW1lYm9yZGVyJTNEJTIyMCUyMiUyMHN0eWxlJTNEJTIyYm9yZGVyJTNBMCUyMiUyMGFsbG93ZnVsbHNjcmVlbiUzRSUzQyUyRmlmcmFtZSUzRQ==&#8220; size=&#8220;284&#8243;]<div class=\"boc_spacing\" style=\"height: 20px\"><\/div><h4 class=\"boc_heading  al_left\"  style=\"margin-bottom: 20px;margin-top: 0px;color: #333333;\"><span>Contact <strong> informations<\/strong><\/span><\/h4><div class=\"boc_list_item\"  style=\"margin-bottom: 10px;\">\r\n\t\t\t\t\t<span class=\"li_icon small\" style=\"\"><i class=\"icon icon-phone3\" style=\"\"><\/i><\/span>\r\n\t\t\t\t\t<div class=\"boc_list_item_text small\">+ 381 15 7 350 754<\/div>\r\n\t\t\t\t   <\/div><div class=\"boc_list_item\"  style=\"margin-bottom: 10px;\">\r\n\t\t\t\t\t<span class=\"li_icon small\" style=\"\"><i class=\"icon icon-mobile3\" style=\"\"><\/i><\/span>\r\n\t\t\t\t\t<div class=\"boc_list_item_text small\">+ 381 64 884 6900<\/div>\r\n\t\t\t\t   <\/div><div class=\"boc_list_item\"  style=\"margin-bottom: 10px;\">\r\n\t\t\t\t\t<span class=\"li_icon small\" style=\"\"><i class=\"icon icon-mail2\" style=\"\"><\/i><\/span>\r\n\t\t\t\t\t<div class=\"boc_list_item_text small\">office@mkel.rs<\/div>\r\n\t\t\t\t   <\/div><div class=\"boc_list_item\"  style=\"margin-bottom: 10px;\">\r\n\t\t\t\t\t<span class=\"li_icon small\" style=\"\"><i class=\"icon icon-location2\" style=\"\"><\/i><\/span>\r\n\t\t\t\t\t<div class=\"boc_list_item_text small\">Vojvode Mi\u0161i\u0107a 79, 15000 \u0160abac<\/div>\r\n\t\t\t\t   <\/div>[\/vc_column][\/vc_row]<\/p>","protected":false},"excerpt":{"rendered":"<p>[vc_row seperator_enable=&#8220;off&#8220; css=&#8220;.vc_custom_1550612971335{margin-bottom: 0px !important;padding-top: 50px !important;padding-bottom: 50px !important;}&#8220;][vc_column width=&#8220;2\/3&#8243; css=&#8220;.vc_custom_1433757069623{margin-top: 20px !important;border-top-width: 1px !important;border-right-width: 1px !important;border-bottom-width: 1px !important;border-left-width: 1px !important;padding-top: 30px !important;padding-right: 30px !important;padding-bottom: 30px !important;padding-left: 30px !important;background-color: #ffffff !important;border-left-color: #eeeeee !important;border-left-style: solid !important;border-right-color: #eeeeee !important;border-right-style: solid !important;border-top-color: #eeeeee !important;border-top-style: solid !important;border-bottom-color: #eeeeee !important;border-bottom-style: solid !important;}&#8220;][\/vc_column][vc_column width=&#8220;1\/3&#8243; css=&#8220;.vc_custom_1433757075183{margin-top: 20px !important;padding-left: 50px !important;}&#8220; el_class=&#8220;no_side_padding_in_responsive_column&#8220;][vc_gmaps link=&#8220;#E-8_JTNDaWZyYW1lJTIwc3JjJTNEJTIyaHR0cHMlM0ElMkYlMkZ3d3cuZ29vZ2xlLmNvbSUyRm1hcHMlMkZlbWJlZCUzRnBiJTNEJTIxMW0xOCUyMTFtMTIlMjExbTMlMjExZDI4MzMuNTMwODM2MjEwMzI2NSUyMTJkMTkuNjk5Njc2MjE1NTMzNzA3JTIxM2Q0NC43NDk1ODc2NzkwOTkwMSUyMTJtMyUyMTFmMCUyMTJmMCUyMTNmMCUyMTNtMiUyMTFpMTAyNCUyMTJpNzY4JTIxNGYxMy4xJTIxM20zJTIxMW0yJTIxMXMweDQ3NWJjYjFmZTgzYzRlZmIlMjUzQTB4ZGVlNzRjMThiNGQ5ZjdmZiUyMTJ6Vm05cWRtOWtaU0JOYWNXaGFjU0hZU0EzT1N3ZzBLalFzTkN4MExEUmhnJTIxNWUwJTIxM20yJTIxMXNzciUyMTJzcnMlMjE0djE1NTA4NTU5MDc2MzElMjIlMjB3aWR0aCUzRCUyMjYwMCUyMiUyMGhlaWdodCUzRCUyMjQ1MCUyMiUyMGZyYW1lYm9yZGVyJTNEJTIyMCUyMiUyMHN0eWxlJTNEJTIyYm9yZGVyJTNBMCUyMiUyMGFsbG93ZnVsbHNjcmVlbiUzRSUzQyUyRmlmcmFtZSUzRQ==&#8220; size=&#8220;284&#8243;][\/vc_column][\/vc_row]<\/p>","protected":false},"author":1,"featured_media":0,"parent":0,"menu_order":0,"comment_status":"closed","ping_status":"closed","template":"","meta":[],"_links":{"self":[{"href":"https:\/\/mkel.rs\/en\/wp-json\/wp\/v2\/pages\/131"}],"collection":[{"href":"https:\/\/mkel.rs\/en\/wp-json\/wp\/v2\/pages"}],"about":[{"href":"https:\/\/mkel.rs\/en\/wp-json\/wp\/v2\/types\/page"}],"author":[{"embeddable":true,"href":"https:\/\/mkel.rs\/en\/wp-json\/wp\/v2\/users\/1"}],"replies":[{"embeddable":true,"href":"https:\/\/mkel.rs\/en\/wp-json\/wp\/v2\/comments?post=131"}],"version-history":[{"count":6,"href":"https:\/\/mkel.rs\/en\/wp-json\/wp\/v2\/pages\/131\/revisions"}],"predecessor-version":[{"id":207,"href":"https:\/\/mkel.rs\/en\/wp-json\/wp\/v2\/pages\/131\/revisions\/207"}],"wp:attachment":[{"href":"https:\/\/mkel.rs\/en\/wp-json\/wp\/v2\/media?parent=131"}],"curies":[{"name":"wp","href":"https:\/\/api.w.org\/{rel}","templated":true}]}}